{"id":84094,"date":"2021-06-14T16:18:24","date_gmt":"2021-06-14T14:18:24","guid":{"rendered":"https:\/\/studiogeotecnico.it\/?page_id=84094"},"modified":"2025-05-15T16:01:09","modified_gmt":"2025-05-15T14:01:09","slug":"lavora-con-noi","status":"publish","type":"page","link":"https:\/\/studiogeotecnico.it\/en\/lavora-con-noi\/","title":{"rendered":"Work with us"},"content":{"rendered":"<div class=\"wpb-content-wrapper\"><div data-parent=\"true\" class=\"vc_row vc_custom_1623760568378 limit-width boxed-row row-container\" style=\"margin-bottom: 20px ;\" id=\"row-unique-0\"><div class=\"row penta-top-padding double-bottom-padding double-h-padding row-parent\"><div class=\"row-background background-element\">\n\t\t\t\t\t\t\t\t\t\t\t<div class=\"background-wrapper\">\n\t\t\t\t\t\t\t\t\t\t\t\t<div class=\"background-inner\" style=\"background-image: url(https:\/\/studiogeotecnico.it\/wp-content\/uploads\/2021\/06\/mix-of-colors.jpg);background-repeat: no-repeat;background-position: center center;background-attachment: fixed;background-size: cover;\"><\/div>\n\t\t\t\t\t\t\t\t\t\t\t\t<div class=\"block-bg-overlay style-color-305657-bg\" style=\"opacity: 0.4;\"><\/div>\n\t\t\t\t\t\t\t\t\t\t\t<\/div>\n\t\t\t\t\t\t\t\t\t\t<\/div><div class=\"wpb_row row-inner\"><div class=\"wpb_column pos-top pos-center align_left column_parent col-lg-12 single-internal-gutter\"><div class=\"uncol style-light\"  ><div class=\"uncoltable\"><div class=\"uncell no-block-padding  unradius-sm\" ><div class=\"uncont\"><div class=\"empty-space empty-triple\" ><span class=\"empty-space-inner\"><\/span><\/div>\n<div class=\"vc_row row-internal row-container\"><div class=\"row col-double-gutter row-child\"><div class=\"wpb_row row-inner row-inner-force\"><div class=\"wpb_column pos-top pos-left align_left column_child col-lg-6 col-md-100 col-sm-100 single-internal-gutter\"><div class=\"uncol style-light animate_when_almost_visible right-t-left\" ><div class=\"uncoltable\"><div class=\"uncell no-block-padding\" ><div class=\"uncont\"><div class=\"vc_custom_heading_wrap\"><div class=\"heading-text el-text\" ><h5 class=\"font-177753 fontsize-610830 fontspace-781688 font-weight-600 text-color-xsdn-color text-uppercase\" ><span>WORK WITH US\u00a0 \u00a0 \u00a0<img decoding=\"async\" class=\"size-full wp-image-83383 alignnone\" style=\"vertical-align: middle;\" src=\"https:\/\/studiogeotecnico.it\/wp-content\/uploads\/2020\/04\/h-line-w.svg\" alt=\"\" width=\"50\" height=\"2\" \/><\/span><\/h5><\/div><div class=\"clear\"><\/div><\/div><div class=\"vc_custom_heading_wrap\"><div class=\"heading-text el-text\" ><h2 class=\"font-107477 fontsize-338686 fontheight-161249 fontspace-781688 font-weight-300 text-color-xsdn-color text-uppercase\" ><span>Join our Team<\/span><\/h2><\/div><div class=\"clear\"><\/div><\/div><\/div><\/div><\/div><\/div><\/div><div class=\"wpb_column pos-middle pos-left align_left column_child col-lg-6 col-md-100 col-md-clear col-sm-100 col-sm-clear single-internal-gutter\"><div class=\"uncol style-light animate_when_almost_visible right-t-left\" data-delay=\"200\"><div class=\"uncoltable\"><div class=\"uncell one-block-padding\" ><div class=\"uncont\"><div class=\"uncode_text_column text-lead\" ><p><span style=\"color: #ffffff;\">La societ\u00e0 offre l\u2019inserimento in un contesto di elevata professionalit\u00e0 ed esperienza, in un ambiente giovane e dinamico; la possibilit\u00e0 di lavorare su prestigiosi progetti nazionali ed internazionali; obiettivi di crescita professionale con il coinvolgimento in un percorso formativo che gli consentir\u00e0 di acquisire gli strumenti e le competenze necessari per affrontare molteplici tematiche progettuali nell\u2019ambito dell\u2019ingegneria geotecnica.<\/span><\/p>\n<p><span style=\"color: #ffffff;\">Sei il nostro candidato ideale se rispondi ai seguenti requisiti:<\/span><\/p>\n<ul>\n<li><span style=\"color: #ffffff;\">Laurea magistrale in Ingegneria Civile indirizzo Geotecnico;<\/span><\/li>\n<li><span style=\"color: #ffffff;\">Neolaureato o con pregressa esperienza professionale in progetti di opere di ingegneria civile geotecnica con conoscenza della modellazione numerica ed utilizzo di software specifici.<\/span><\/li>\n<li><span style=\"color: #ffffff;\">Buona conoscenza inglese scritto e parlato;<\/span><\/li>\n<li><span style=\"color: #ffffff;\">Capacit\u00e0 comunicative ed organizzative orientate al lavoro di gruppo;<\/span><\/li>\n<li><span style=\"color: #ffffff;\">Motivazione e disponibilit\u00e0 alla crescita professionale<\/span><\/li>\n<\/ul>\n<p><span style=\"color: #ffffff;\">La tipologia del contratto di lavoro e la retribuzione saranno commisurati al percorso formativo ed all\u2019esperienza del candidato.<\/span><\/p>\n<p><span style=\"color: #ffffff;\">Si prega di inviare il CV al seguente indirizzo: <a style=\"color: #ffffff;\" href=\"\/en\/info@studiogeotecnico.it\/\">info@studiogeotecnico.it<\/a><\/span><\/p>\n<p><span style=\"color: #ffffff;\"><em>La ricerca \u00e8 rivolta a candidati ambosessi, nel rispetto del D. Lgs. n. 198\/2006 e ss.mm.ii. e dei Decreti Legislativi n. 215 e n. 216 del 2003 sulle parit\u00e0 di trattamento. <\/em><em>I candidati sono invitati a leggere l\u2019informativa privacy ai sensi dell\u2019art. 13 del Reg. EU 679\/2016 sulla protezione dei dati (GDPR) disponibile nella sezione privacy del nostro sito web.<\/em><\/span><\/p>\n<p>\n<\/div><\/div><\/div><\/div><\/div><\/div><\/div><\/div><\/div><\/div><\/div><\/div><\/div><\/div><script id=\"script-row-unique-0\" data-row=\"script-row-unique-0\" type=\"text\/javascript\" class=\"vc_controls\">UNCODE.initRow(document.getElementById(\"row-unique-0\"));<\/script><\/div><\/div><\/div><div data-parent=\"true\" class=\"vc_row style-color-143410-bg vc_custom_1587112683004 limit-width boxed-row row-container\" style=\"margin-top: 20px ;margin-bottom: 20px ;\" id=\"row-unique-1\"><div class=\"row double-top-padding double-bottom-padding double-h-padding row-parent\"><div class=\"row-background background-element\">\n\t\t\t\t\t\t\t\t\t\t\t<div class=\"background-wrapper\">\n\t\t\t\t\t\t\t\t\t\t\t\t<div class=\"background-inner\" style=\"background-image: url(https:\/\/studiogeotecnico.it\/wp-content\/uploads\/2020\/04\/cf7-hr-background.jpg);background-repeat: no-repeat;background-position: left top;background-attachment: scroll;background-size: auto;\"><\/div>\n\t\t\t\t\t\t\t\t\t\t\t\t\n\t\t\t\t\t\t\t\t\t\t\t<\/div>\n\t\t\t\t\t\t\t\t\t\t<\/div><div class=\"wpb_row row-inner\"><div class=\"wpb_column pos-top pos-center align_left column_parent col-lg-12 single-internal-gutter\"><div class=\"uncol style-light\"  ><div class=\"uncoltable\"><div class=\"uncell no-block-padding  unradius-sm\" ><div class=\"uncont\"><div class=\"vc_row row-internal row-container\"><div class=\"row row-child\"><div class=\"wpb_row row-inner\"><div class=\"wpb_column pos-top pos-center align_left column_child col-lg-12 single-internal-gutter\"><div class=\"uncol style-light\" ><div class=\"uncoltable\"><div class=\"uncell no-block-padding\" ><div class=\"uncont\"><div class=\"vc_custom_heading_wrap\"><div class=\"heading-text el-text\" ><h2 class=\"font-107477 fontsize-338686 fontheight-161249 fontspace-781688 font-weight-300 text-color-orangesgi-color text-uppercase\" ><span>Fill out the application form<\/span><\/h2><\/div><div class=\"clear\"><\/div><\/div>\n<div class=\"wpcf7 no-js\" id=\"wpcf7-f83614-o1\" lang=\"en-US\" dir=\"ltr\" data-wpcf7-id=\"83614\">\n<div class=\"screen-reader-response\"><p role=\"status\" aria-live=\"polite\" aria-atomic=\"true\"><\/p> <ul><\/ul><\/div>\n<form action=\"\/en\/wp-json\/wp\/v2\/pages\/84094#wpcf7-f83614-o1\" method=\"post\" class=\"wpcf7-form init\" aria-label=\"Contact form\" enctype=\"multipart\/form-data\" novalidate=\"novalidate\" data-status=\"init\" data-trp-original-action=\"\/en\/wp-json\/wp\/v2\/pages\/84094#wpcf7-f83614-o1\">\n<fieldset class=\"hidden-fields-container\"><input type=\"hidden\" name=\"_wpcf7\" value=\"83614\" \/><input type=\"hidden\" name=\"_wpcf7_version\" value=\"6.1.3\" \/><input type=\"hidden\" name=\"_wpcf7_locale\" value=\"en_US\" \/><input type=\"hidden\" name=\"_wpcf7_unit_tag\" value=\"wpcf7-f83614-o1\" \/><input type=\"hidden\" name=\"_wpcf7_container_post\" value=\"0\" \/><input type=\"hidden\" name=\"_wpcf7_posted_data_hash\" value=\"\" \/><input type=\"hidden\" name=\"_wpcf7_recaptcha_response\" value=\"\" \/>\n<\/fieldset>\n<div class=\"wpcf7-inline-wrapper\">\n\t<p class=\"wpcf7-inline-field\"><span class=\"wpcf7-form-control-wrap\" data-name=\"your-name\"><input size=\"40\" maxlength=\"400\" class=\"wpcf7-form-control wpcf7-text wpcf7-validates-as-required\" aria-required=\"true\" aria-invalid=\"false\" placeholder=\"Name *\" value=\"\" type=\"text\" name=\"your-name\" \/><\/span>\n\t<\/p>\n\t<p class=\"wpcf7-inline-field\"><span class=\"wpcf7-form-control-wrap\" data-name=\"your-surname\"><input size=\"40\" maxlength=\"400\" class=\"wpcf7-form-control wpcf7-text wpcf7-validates-as-required\" aria-required=\"true\" aria-invalid=\"false\" placeholder=\"Surname *\" value=\"\" type=\"text\" name=\"your-surname\" \/><\/span>\n\t<\/p>\n<\/div>\n<div class=\"wpcf7-inline-wrapper\">\n\t<p class=\"wpcf7-inline-field\"><span class=\"wpcf7-form-control-wrap\" data-name=\"your-role\"><input size=\"40\" maxlength=\"400\" class=\"wpcf7-form-control wpcf7-text wpcf7-validates-as-required\" aria-required=\"true\" aria-invalid=\"false\" placeholder=\"Job *\" value=\"\" type=\"text\" name=\"your-role\" \/><\/span>\n\t<\/p>\n<\/div>\n<div class=\"wpcf7-inline-wrapper\">\n\t<p class=\"wpcf7-inline-field\"><span class=\"wpcf7-form-control-wrap\" data-name=\"your-email\"><input size=\"40\" maxlength=\"400\" class=\"wpcf7-form-control wpcf7-email wpcf7-validates-as-required wpcf7-text wpcf7-validates-as-email\" aria-required=\"true\" aria-invalid=\"false\" placeholder=\"Email *\" value=\"\" type=\"email\" name=\"your-email\" \/><\/span>\n\t<\/p>\n\t<p class=\"wpcf7-inline-field\"><span class=\"wpcf7-form-control-wrap\" data-name=\"your-tel\"><input size=\"40\" maxlength=\"400\" class=\"wpcf7-form-control wpcf7-tel wpcf7-validates-as-required wpcf7-text wpcf7-validates-as-tel\" aria-required=\"true\" aria-invalid=\"false\" placeholder=\"Telephone *\" value=\"\" type=\"tel\" name=\"your-tel\" \/><\/span>\n\t<\/p>\n<\/div>\n<p><span class=\"wpcf7-form-control-wrap\" data-name=\"your-message\"><textarea cols=\"40\" rows=\"10\" maxlength=\"2000\" class=\"wpcf7-form-control wpcf7-textarea wpcf7-validates-as-required\" aria-required=\"true\" aria-invalid=\"false\" placeholder=\"Your Message *\" name=\"your-message\"><\/textarea><\/span>\n<\/p>\n<p>Attach your CV\n<\/p>\n<p><span class=\"wpcf7-form-control-wrap\" data-name=\"your-cv\"><input size=\"40\" class=\"wpcf7-form-control wpcf7-file wpcf7-validates-as-required\" accept=\".pdf,.doc\" aria-required=\"true\" aria-invalid=\"false\" type=\"file\" name=\"your-cv\" \/><\/span>\n<\/p>\n<p><span class=\"wpcf7-form-control-wrap\" data-name=\"privacy-check\"><span class=\"wpcf7-form-control wpcf7-acceptance\"><span class=\"wpcf7-list-item\"><label><input type=\"checkbox\" name=\"privacy-check\" value=\"1\" aria-invalid=\"false\" \/><span class=\"wpcf7-list-item-label\">I agree to the privacy policy. For more information see this <a href=\"https:\/\/studiogeotecnico.it\/en\/privacy-policy\/\" target=\"_blank\">Privacy Policy<\/a>.<\/span><\/label><\/span><\/span><\/span>\n<\/p>\n<p><input class=\"wpcf7-form-control wpcf7-submit has-spinner btn btn-cf7\" type=\"submit\" value=\"SEND APPLICATION\" \/>\n<\/p><div class=\"wpcf7-response-output\" aria-hidden=\"true\"><\/div>\n<input type=\"hidden\" name=\"trp-form-language\" value=\"en\"\/><\/form>\n<\/div>\n<\/div><\/div><\/div><\/div><\/div><\/div><\/div><\/div><\/div><\/div><\/div><\/div><\/div><script id=\"script-row-unique-1\" data-row=\"script-row-unique-1\" type=\"text\/javascript\" class=\"vc_controls\">UNCODE.initRow(document.getElementById(\"row-unique-1\"));<\/script><\/div><\/div><\/div>\n<\/div>","protected":false},"excerpt":{"rendered":"LAVORA CON NOI\u00a0 \u00a0 \u00a0Entra a far parte del nostro TeamLa societ\u00e0 offre l\u2019inserimento in un contesto di elevata professionalit\u00e0 [...]","protected":false},"author":2,"featured_media":0,"parent":0,"menu_order":0,"comment_status":"closed","ping_status":"closed","template":"","meta":{"footnotes":""},"class_list":["post-84094","page","type-page","status-publish","hentry"],"yoast_head":"<!-- This site is optimized with the Yoast SEO plugin v26.3 - https:\/\/yoast.com\/wordpress\/plugins\/seo\/ -->\n<title>Lavora con noi - Studio Geotecnico Italiano<\/title>\n<meta name=\"description\" content=\"Studio Geotecnico Italiano \u00e8 un ambiente dinamico ricco di talenti. Attualmente la Societ\u00e0 impegna 45 persone con grande senso di responsabilit\u00e0, di appartenenza, motivazione, etica e riservatezza, impegno nel miglioramento;\" \/>\n<meta name=\"robots\" content=\"index, follow, max-snippet:-1, max-image-preview:large, max-video-preview:-1\" \/>\n<link rel=\"canonical\" href=\"https:\/\/studiogeotecnico.it\/en\/lavora-con-noi\/\" \/>\n<meta property=\"og:locale\" content=\"en_GB\" \/>\n<meta property=\"og:type\" content=\"article\" \/>\n<meta property=\"og:title\" content=\"Studio Geotecnico Italiano - People\" \/>\n<meta property=\"og:description\" content=\"Studio Geotecnico Italiano \u00e8 un ambiente dinamico ricco di talenti. Attualmente la Societ\u00e0 impegna 45 persone con grande senso di responsabilit\u00e0, di appartenenza, motivazione, etica e riservatezza, impegno nel miglioramento;\" \/>\n<meta property=\"og:url\" content=\"https:\/\/studiogeotecnico.it\/en\/lavora-con-noi\/\" \/>\n<meta property=\"og:site_name\" content=\"Studio Geotecnico Italiano\" \/>\n<meta property=\"article:modified_time\" content=\"2025-05-15T14:01:09+00:00\" \/>\n<meta property=\"og:image\" content=\"https:\/\/studiogeotecnico.it\/wp-content\/uploads\/2020\/04\/sgi-image-4-scaled.jpeg\" \/>\n\t<meta property=\"og:image:width\" content=\"2560\" \/>\n\t<meta property=\"og:image:height\" content=\"1707\" \/>\n\t<meta property=\"og:image:type\" content=\"image\/jpeg\" \/>\n<meta name=\"twitter:card\" content=\"summary_large_image\" \/>\n<meta name=\"twitter:label1\" content=\"Estimated reading time\" \/>\n\t<meta name=\"twitter:data1\" content=\"3 minutes\" \/>\n<script type=\"application\/ld+json\" class=\"yoast-schema-graph\">{\"@context\":\"https:\/\/schema.org\",\"@graph\":[{\"@type\":\"WebPage\",\"@id\":\"https:\/\/studiogeotecnico.it\/lavora-con-noi\/\",\"url\":\"https:\/\/studiogeotecnico.it\/lavora-con-noi\/\",\"name\":\"Lavora con noi - Studio Geotecnico Italiano\",\"isPartOf\":{\"@id\":\"https:\/\/studiogeotecnico.it\/#website\"},\"primaryImageOfPage\":{\"@id\":\"https:\/\/studiogeotecnico.it\/lavora-con-noi\/#primaryimage\"},\"image\":{\"@id\":\"https:\/\/studiogeotecnico.it\/lavora-con-noi\/#primaryimage\"},\"thumbnailUrl\":\"https:\/\/studiogeotecnico.it\/wp-content\/uploads\/2020\/04\/h-line-w.svg\",\"datePublished\":\"2021-06-14T14:18:24+00:00\",\"dateModified\":\"2025-05-15T14:01:09+00:00\",\"description\":\"Studio Geotecnico Italiano \u00e8 un ambiente dinamico ricco di talenti. Attualmente la Societ\u00e0 impegna 45 persone con grande senso di responsabilit\u00e0, di appartenenza, motivazione, etica e riservatezza, impegno nel miglioramento;\",\"breadcrumb\":{\"@id\":\"https:\/\/studiogeotecnico.it\/lavora-con-noi\/#breadcrumb\"},\"inLanguage\":\"en-GB\",\"potentialAction\":[{\"@type\":\"ReadAction\",\"target\":[\"https:\/\/studiogeotecnico.it\/lavora-con-noi\/\"]}]},{\"@type\":\"ImageObject\",\"inLanguage\":\"en-GB\",\"@id\":\"https:\/\/studiogeotecnico.it\/lavora-con-noi\/#primaryimage\",\"url\":\"https:\/\/studiogeotecnico.it\/wp-content\/uploads\/2020\/04\/h-line-w.svg\",\"contentUrl\":\"https:\/\/studiogeotecnico.it\/wp-content\/uploads\/2020\/04\/h-line-w.svg\"},{\"@type\":\"BreadcrumbList\",\"@id\":\"https:\/\/studiogeotecnico.it\/lavora-con-noi\/#breadcrumb\",\"itemListElement\":[{\"@type\":\"ListItem\",\"position\":1,\"name\":\"Home\",\"item\":\"https:\/\/studiogeotecnico.it\/\"},{\"@type\":\"ListItem\",\"position\":2,\"name\":\"Lavora con noi\"}]},{\"@type\":\"WebSite\",\"@id\":\"https:\/\/studiogeotecnico.it\/#website\",\"url\":\"https:\/\/studiogeotecnico.it\/\",\"name\":\"Studio Geotecnico Italiano\",\"description\":\"\",\"publisher\":{\"@id\":\"https:\/\/studiogeotecnico.it\/#organization\"},\"potentialAction\":[{\"@type\":\"SearchAction\",\"target\":{\"@type\":\"EntryPoint\",\"urlTemplate\":\"https:\/\/studiogeotecnico.it\/?s={search_term_string}\"},\"query-input\":{\"@type\":\"PropertyValueSpecification\",\"valueRequired\":true,\"valueName\":\"search_term_string\"}}],\"inLanguage\":\"en-GB\"},{\"@type\":\"Organization\",\"@id\":\"https:\/\/studiogeotecnico.it\/#organization\",\"name\":\"Studio Geotecnico Italiano\",\"url\":\"https:\/\/studiogeotecnico.it\/\",\"logo\":{\"@type\":\"ImageObject\",\"inLanguage\":\"en-GB\",\"@id\":\"https:\/\/studiogeotecnico.it\/#\/schema\/logo\/image\/\",\"url\":\"https:\/\/studiogeotecnico.it\/wp-content\/uploads\/2020\/04\/cropped-cropped-logo-dark-50-1.png\",\"contentUrl\":\"https:\/\/studiogeotecnico.it\/wp-content\/uploads\/2020\/04\/cropped-cropped-logo-dark-50-1.png\",\"width\":173,\"height\":50,\"caption\":\"Studio Geotecnico Italiano\"},\"image\":{\"@id\":\"https:\/\/studiogeotecnico.it\/#\/schema\/logo\/image\/\"}}]}<\/script>\n<!-- \/ Yoast SEO plugin. -->","yoast_head_json":{"title":"Lavora con noi - Studio Geotecnico Italiano","description":"Studio Geotecnico Italiano \u00e8 un ambiente dinamico ricco di talenti. Attualmente la Societ\u00e0 impegna 45 persone con grande senso di responsabilit\u00e0, di appartenenza, motivazione, etica e riservatezza, impegno nel miglioramento;","robots":{"index":"index","follow":"follow","max-snippet":"max-snippet:-1","max-image-preview":"max-image-preview:large","max-video-preview":"max-video-preview:-1"},"canonical":"https:\/\/studiogeotecnico.it\/en\/lavora-con-noi\/","og_locale":"en_GB","og_type":"article","og_title":"Studio Geotecnico Italiano - People","og_description":"Studio Geotecnico Italiano \u00e8 un ambiente dinamico ricco di talenti. Attualmente la Societ\u00e0 impegna 45 persone con grande senso di responsabilit\u00e0, di appartenenza, motivazione, etica e riservatezza, impegno nel miglioramento;","og_url":"https:\/\/studiogeotecnico.it\/en\/lavora-con-noi\/","og_site_name":"Studio Geotecnico Italiano","article_modified_time":"2025-05-15T14:01:09+00:00","og_image":[{"width":2560,"height":1707,"url":"https:\/\/studiogeotecnico.it\/wp-content\/uploads\/2020\/04\/sgi-image-4-scaled.jpeg","type":"image\/jpeg"}],"twitter_card":"summary_large_image","twitter_misc":{"Estimated reading time":"3 minutes"},"schema":{"@context":"https:\/\/schema.org","@graph":[{"@type":"WebPage","@id":"https:\/\/studiogeotecnico.it\/lavora-con-noi\/","url":"https:\/\/studiogeotecnico.it\/lavora-con-noi\/","name":"Lavora con noi - Studio Geotecnico Italiano","isPartOf":{"@id":"https:\/\/studiogeotecnico.it\/#website"},"primaryImageOfPage":{"@id":"https:\/\/studiogeotecnico.it\/lavora-con-noi\/#primaryimage"},"image":{"@id":"https:\/\/studiogeotecnico.it\/lavora-con-noi\/#primaryimage"},"thumbnailUrl":"https:\/\/studiogeotecnico.it\/wp-content\/uploads\/2020\/04\/h-line-w.svg","datePublished":"2021-06-14T14:18:24+00:00","dateModified":"2025-05-15T14:01:09+00:00","description":"Studio Geotecnico Italiano \u00e8 un ambiente dinamico ricco di talenti. Attualmente la Societ\u00e0 impegna 45 persone con grande senso di responsabilit\u00e0, di appartenenza, motivazione, etica e riservatezza, impegno nel miglioramento;","breadcrumb":{"@id":"https:\/\/studiogeotecnico.it\/lavora-con-noi\/#breadcrumb"},"inLanguage":"en-GB","potentialAction":[{"@type":"ReadAction","target":["https:\/\/studiogeotecnico.it\/lavora-con-noi\/"]}]},{"@type":"ImageObject","inLanguage":"en-GB","@id":"https:\/\/studiogeotecnico.it\/lavora-con-noi\/#primaryimage","url":"https:\/\/studiogeotecnico.it\/wp-content\/uploads\/2020\/04\/h-line-w.svg","contentUrl":"https:\/\/studiogeotecnico.it\/wp-content\/uploads\/2020\/04\/h-line-w.svg"},{"@type":"BreadcrumbList","@id":"https:\/\/studiogeotecnico.it\/lavora-con-noi\/#breadcrumb","itemListElement":[{"@type":"ListItem","position":1,"name":"Home","item":"https:\/\/studiogeotecnico.it\/"},{"@type":"ListItem","position":2,"name":"Lavora con noi"}]},{"@type":"WebSite","@id":"https:\/\/studiogeotecnico.it\/#website","url":"https:\/\/studiogeotecnico.it\/","name":"Studio Geotecnico Italiano","description":"","publisher":{"@id":"https:\/\/studiogeotecnico.it\/#organization"},"potentialAction":[{"@type":"SearchAction","target":{"@type":"EntryPoint","urlTemplate":"https:\/\/studiogeotecnico.it\/?s={search_term_string}"},"query-input":{"@type":"PropertyValueSpecification","valueRequired":true,"valueName":"search_term_string"}}],"inLanguage":"en-GB"},{"@type":"Organization","@id":"https:\/\/studiogeotecnico.it\/#organization","name":"Studio Geotecnico Italiano","url":"https:\/\/studiogeotecnico.it\/","logo":{"@type":"ImageObject","inLanguage":"en-GB","@id":"https:\/\/studiogeotecnico.it\/#\/schema\/logo\/image\/","url":"https:\/\/studiogeotecnico.it\/wp-content\/uploads\/2020\/04\/cropped-cropped-logo-dark-50-1.png","contentUrl":"https:\/\/studiogeotecnico.it\/wp-content\/uploads\/2020\/04\/cropped-cropped-logo-dark-50-1.png","width":173,"height":50,"caption":"Studio Geotecnico Italiano"},"image":{"@id":"https:\/\/studiogeotecnico.it\/#\/schema\/logo\/image\/"}}]}},"_links":{"self":[{"href":"https:\/\/studiogeotecnico.it\/en\/wp-json\/wp\/v2\/pages\/84094","targetHints":{"allow":["GET"]}}],"collection":[{"href":"https:\/\/studiogeotecnico.it\/en\/wp-json\/wp\/v2\/pages"}],"about":[{"href":"https:\/\/studiogeotecnico.it\/en\/wp-json\/wp\/v2\/types\/page"}],"author":[{"embeddable":true,"href":"https:\/\/studiogeotecnico.it\/en\/wp-json\/wp\/v2\/users\/2"}],"replies":[{"embeddable":true,"href":"https:\/\/studiogeotecnico.it\/en\/wp-json\/wp\/v2\/comments?post=84094"}],"version-history":[{"count":20,"href":"https:\/\/studiogeotecnico.it\/en\/wp-json\/wp\/v2\/pages\/84094\/revisions"}],"predecessor-version":[{"id":84439,"href":"https:\/\/studiogeotecnico.it\/en\/wp-json\/wp\/v2\/pages\/84094\/revisions\/84439"}],"wp:attachment":[{"href":"https:\/\/studiogeotecnico.it\/en\/wp-json\/wp\/v2\/media?parent=84094"}],"curies":[{"name":"wp","href":"https:\/\/api.w.org\/{rel}","templated":true}]}}